{"id":6068,"date":"2022-06-10T08:29:13","date_gmt":"2022-06-10T06:29:13","guid":{"rendered":"http:\/\/hotel-albert1.com\/servicios\/en-bicicleta\/"},"modified":"2024-03-19T10:07:17","modified_gmt":"2024-03-19T09:07:17","slug":"en-bicicleta","status":"publish","type":"page","link":"https:\/\/hotel-albert1.com\/es\/servicios\/en-bicicleta\/","title":{"rendered":"En bicicleta"},"content":{"rendered":"\t\t<div data-elementor-type=\"wp-page\" data-elementor-id=\"6068\" class=\"elementor elementor-6068 elementor-2677\" data-elementor-post-type=\"page\">\n\t\t\t\t\t\t<section data-particle_enable=\"false\" data-particle-mobile-disabled=\"false\" class=\"elementor-section elementor-top-section elementor-element elementor-element-3cbb224 elementor-section-boxed elementor-section-height-default elementor-section-height-default\" data-id=\"3cbb224\" data-element_type=\"section\" data-e-type=\"section\" data-settings=\"{&quot;background_background&quot;:&quot;classic&quot;}\">\n\t\t\t\t\t\t<div class=\"elementor-container elementor-column-gap-default\">\n\t\t\t\t\t<div class=\"elementor-column elementor-col-100 elementor-top-column elementor-element elementor-element-124c897\" data-id=\"124c897\" data-element_type=\"column\" data-e-type=\"column\">\n\t\t\t<div class=\"elementor-widget-wrap elementor-element-populated\">\n\t\t\t\t\t\t<div class=\"elementor-element elementor-element-497de8c elementor-widget elementor-widget-elementskit-heading\" data-id=\"497de8c\" data-element_type=\"widget\" data-e-type=\"widget\" data-settings=\"{&quot;ekit_we_effect_on&quot;:&quot;none&quot;}\" data-widget_type=\"elementskit-heading.default\">\n\t\t\t\t<div class=\"elementor-widget-container\">\n\t\t\t\t\t<div class=\"ekit-wid-con\" ><div class=\"ekit-heading elementskit-section-title-wraper text_center   ekit_heading_tablet-   ekit_heading_mobile-\"><h1 class=\"ekit-heading--title elementskit-section-title \">Alquiler y almacenamiento de bicicletas<\/h1><div class=\"ekit_heading_separetor_wraper ekit_heading_elementskit-border-divider elementskit-style-long\"><div class=\"elementskit-border-divider elementskit-style-long\"><\/div><\/div><\/div><\/div>\t\t\t\t<\/div>\n\t\t\t\t<\/div>\n\t\t\t\t<div class=\"elementor-element elementor-element-8bd315a elementor-widget elementor-widget-text-editor\" data-id=\"8bd315a\" data-element_type=\"widget\" data-e-type=\"widget\" data-settings=\"{&quot;ekit_we_effect_on&quot;:&quot;none&quot;}\" data-widget_type=\"text-editor.default\">\n\t\t\t\t<div class=\"elementor-widget-container\">\n\t\t\t\t\t\t\t\t\t<p><span style=\"font-weight: 400;\">He aqu\u00ed otra forma de visitar la ciudad rosa&nbsp;: <b>\u00a1Toulouse en bicicleta!<\/b><\/span><\/p>\n<p><span style=\"font-weight: 400;\">En el H\u00f4tel Albert 1er, bajo el techo de la entrada de los artistas, hay bicicletas suspendidas. Es una decoraci\u00f3n bonita y original, pero sobre todo son las bicicletas que te pueden prestar por un d\u00eda cuando te alojas con nosotros.&nbsp;<\/span><\/p>\n<p><span style=\"font-weight: 400;\">Como defensores del <a href=\"https:\/\/hotel-albert1.com\/es\/hotel\/turismo-lento\/\">turismo lento<\/a>, una forma alternativa de turismo que ofrece un cambio de escenario y una sensaci\u00f3n de desconexi\u00f3n, y que combina sorpresa, autenticidad y presupuesto, recomendamos encarecidamente Toulouse en bicicleta. Un peque\u00f1o paseo por el Canal du Midi bajo el sol es una buena manera de combinar utilidad y placer. Moverse y disfrutar, esa es nuestra filosof\u00eda para apreciar la ciudad rosa.<\/span><\/p>\n<p><span style=\"font-weight: 400;\">Descubra una alternativa a las pr\u00e1cticas tur\u00edsticas tradicionales con nuestro nuevo mapa de itinerarios y carriles bici fuera de los caminos trillados, creado y firmado por el &#8220;equipo Albert&#8221;.&nbsp;<\/span><\/p>\n<p><span style=\"font-weight: 400;\">A trav\u00e9s de an\u00e9cdotas y lugares ins\u00f3litos, podr\u00e1 conocer mejor la historia de Toulouse y descubrir los tesoros ocultos de la ciudad&#8230;Ideal para una estancia satisfactoria en familia o con amigos&#8230;y para vivir una experiencia diferente de su estancia en Toulouse. Despacio, desestresado. Redescubra el placer de un paseo en bicicleta&#8230;&nbsp;<\/span><\/p>\n<p><span style=\"font-weight: 400;\">Adem\u00e1s, <b>nuestro servicio de alquiler de bicicletas de<\/b>\u00e9poca est\u00e1 disponible directamente en el hotel&#8230; \u00a1Una forma totalmente nueva de ver la ciudad!<\/span><\/p>\t\t\t\t\t\t\t\t<\/div>\n\t\t\t\t<\/div>\n\t\t\t\t<div class=\"elementor-element elementor-element-f64e2b3 elementor-widget elementor-widget-gallery\" data-id=\"f64e2b3\" data-element_type=\"widget\" data-e-type=\"widget\" data-settings=\"{&quot;lazyload&quot;:&quot;yes&quot;,&quot;gallery_layout&quot;:&quot;grid&quot;,&quot;columns&quot;:4,&quot;columns_tablet&quot;:2,&quot;columns_mobile&quot;:1,&quot;gap&quot;:{&quot;unit&quot;:&quot;px&quot;,&quot;size&quot;:10,&quot;sizes&quot;:[]},&quot;gap_tablet&quot;:{&quot;unit&quot;:&quot;px&quot;,&quot;size&quot;:10,&quot;sizes&quot;:[]},&quot;gap_mobile&quot;:{&quot;unit&quot;:&quot;px&quot;,&quot;size&quot;:10,&quot;sizes&quot;:[]},&quot;link_to&quot;:&quot;file&quot;,&quot;aspect_ratio&quot;:&quot;3:2&quot;,&quot;overlay_background&quot;:&quot;yes&quot;,&quot;content_hover_animation&quot;:&quot;fade-in&quot;,&quot;ekit_we_effect_on&quot;:&quot;none&quot;}\" data-widget_type=\"gallery.default\">\n\t\t\t\t<div class=\"elementor-widget-container\">\n\t\t\t\t\t\t\t<div class=\"elementor-gallery__container\">\n\t\t\t\t\t\t\t<a class=\"e-gallery-item elementor-gallery-item elementor-animated-content\" href=\"https:\/\/hotel-albert1.com\/wp-content\/uploads\/2022\/06\/unnamed-7.jpg\" data-elementor-open-lightbox=\"yes\" data-elementor-lightbox-slideshow=\"f64e2b3\" data-e-action-hash=\"#elementor-action%3Aaction%3Dlightbox%26settings%3DeyJpZCI6NTUzOCwidXJsIjoiaHR0cHM6XC9cL2hvdGVsLWFsYmVydDEuY29tXC93cC1jb250ZW50XC91cGxvYWRzXC8yMDIyXC8wNlwvdW5uYW1lZC03LmpwZyIsInNsaWRlc2hvdyI6ImY2NGUyYjMifQ%3D%3D\">\n\t\t\t\t\t<div class=\"e-gallery-image elementor-gallery-item__image\" data-thumbnail=\"https:\/\/hotel-albert1.com\/wp-content\/uploads\/2022\/06\/unnamed-7.jpg\" data-width=\"1386\" data-height=\"924\" aria-label=\"\" role=\"img\" ><\/div>\n\t\t\t\t\t\t\t\t\t\t\t<div class=\"elementor-gallery-item__overlay\"><\/div>\n\t\t\t\t\t\t\t\t\t\t\t\t\t\t<\/a>\n\t\t\t\t\t\t\t<a class=\"e-gallery-item elementor-gallery-item elementor-animated-content\" href=\"https:\/\/hotel-albert1.com\/wp-content\/uploads\/2022\/06\/unnamed-6.jpg\" data-elementor-open-lightbox=\"yes\" data-elementor-lightbox-slideshow=\"f64e2b3\" data-e-action-hash=\"#elementor-action%3Aaction%3Dlightbox%26settings%3DeyJpZCI6NTUzNiwidXJsIjoiaHR0cHM6XC9cL2hvdGVsLWFsYmVydDEuY29tXC93cC1jb250ZW50XC91cGxvYWRzXC8yMDIyXC8wNlwvdW5uYW1lZC02LmpwZyIsInNsaWRlc2hvdyI6ImY2NGUyYjMifQ%3D%3D\">\n\t\t\t\t\t<div class=\"e-gallery-image elementor-gallery-item__image\" data-thumbnail=\"https:\/\/hotel-albert1.com\/wp-content\/uploads\/2022\/06\/unnamed-6.jpg\" data-width=\"1386\" data-height=\"924\" aria-label=\"\" role=\"img\" ><\/div>\n\t\t\t\t\t\t\t\t\t\t\t<div class=\"elementor-gallery-item__overlay\"><\/div>\n\t\t\t\t\t\t\t\t\t\t\t\t\t\t<\/a>\n\t\t\t\t\t\t\t<a class=\"e-gallery-item elementor-gallery-item elementor-animated-content\" href=\"https:\/\/hotel-albert1.com\/wp-content\/uploads\/2022\/06\/unnamed-1.png\" data-elementor-open-lightbox=\"yes\" data-elementor-lightbox-slideshow=\"f64e2b3\" data-e-action-hash=\"#elementor-action%3Aaction%3Dlightbox%26settings%3DeyJpZCI6NTUzNCwidXJsIjoiaHR0cHM6XC9cL2hvdGVsLWFsYmVydDEuY29tXC93cC1jb250ZW50XC91cGxvYWRzXC8yMDIyXC8wNlwvdW5uYW1lZC0xLnBuZyIsInNsaWRlc2hvdyI6ImY2NGUyYjMifQ%3D%3D\">\n\t\t\t\t\t<div class=\"e-gallery-image elementor-gallery-item__image\" data-thumbnail=\"https:\/\/hotel-albert1.com\/wp-content\/uploads\/2022\/06\/unnamed-1.png\" data-width=\"683\" data-height=\"1024\" aria-label=\"\" role=\"img\" ><\/div>\n\t\t\t\t\t\t\t\t\t\t\t<div class=\"elementor-gallery-item__overlay\"><\/div>\n\t\t\t\t\t\t\t\t\t\t\t\t\t\t<\/a>\n\t\t\t\t\t\t\t<a class=\"e-gallery-item elementor-gallery-item elementor-animated-content\" href=\"https:\/\/hotel-albert1.com\/wp-content\/uploads\/2022\/06\/iStock-889843586-copie-min-1-1-1.jpg\" data-elementor-open-lightbox=\"yes\" data-elementor-lightbox-slideshow=\"f64e2b3\" data-e-action-hash=\"#elementor-action%3Aaction%3Dlightbox%26settings%3DeyJpZCI6NTUzMiwidXJsIjoiaHR0cHM6XC9cL2hvdGVsLWFsYmVydDEuY29tXC93cC1jb250ZW50XC91cGxvYWRzXC8yMDIyXC8wNlwvaVN0b2NrLTg4OTg0MzU4Ni1jb3BpZS1taW4tMS0xLTEuanBnIiwic2xpZGVzaG93IjoiZjY0ZTJiMyJ9\">\n\t\t\t\t\t<div class=\"e-gallery-image elementor-gallery-item__image\" data-thumbnail=\"https:\/\/hotel-albert1.com\/wp-content\/uploads\/2022\/06\/iStock-889843586-copie-min-1-1-1.jpg\" data-width=\"1080\" data-height=\"1157\" aria-label=\"\" role=\"img\" ><\/div>\n\t\t\t\t\t\t\t\t\t\t\t<div class=\"elementor-gallery-item__overlay\"><\/div>\n\t\t\t\t\t\t\t\t\t\t\t\t\t\t<\/a>\n\t\t\t\t\t<\/div>\n\t\t\t\t\t<\/div>\n\t\t\t\t<\/div>\n\t\t\t\t\t<\/div>\n\t\t<\/div>\n\t\t\t\t\t<\/div>\n\t\t<\/section>\n\t\t\t\t<\/div>\n\t\t","protected":false},"excerpt":{"rendered":"<p>Alquiler y almacenamiento de bicicletas He aqu\u00ed otra forma de visitar la ciudad rosa\u00a0: \u00a1Toulouse en bicicleta! En el H\u00f4tel Albert 1er, bajo el techo de la entrada de los artistas, hay bicicletas suspendidas. Es una decoraci\u00f3n bonita y original, pero sobre todo son las bicicletas que te pueden prestar por un d\u00eda cuando te [&hellip;]<\/p>\n","protected":false},"author":1,"featured_media":0,"parent":6060,"menu_order":1,"comment_status":"closed","ping_status":"closed","template":"","meta":{"site-sidebar-layout":"no-sidebar","site-content-layout":"page-builder","ast-site-content-layout":"full-width-container","site-content-style":"unboxed","site-sidebar-style":"unboxed","ast-global-header-display":"","ast-banner-title-visibility":"","ast-main-header-display":"","ast-hfb-above-header-display":"","ast-hfb-below-header-display":"","ast-hfb-mobile-header-display":"","site-post-title":"disabled","ast-breadcrumbs-content":"disabled","ast-featured-img":"disabled","footer-sml-layout":"disabled","ast-disable-related-posts":"","theme-transparent-header-meta":"enabled","adv-header-id-meta":"","stick-header-meta":"default","header-above-stick-meta":"","header-main-stick-meta":"","header-below-stick-meta":"","astra-migrate-meta-layouts":"set","ast-page-background-enabled":"default","ast-page-background-meta":{"desktop":{"background-color":"","background-image":"","background-repeat":"repeat","background-position":"center center","background-size":"auto","background-attachment":"scroll","background-type":"","background-media":"","overlay-type":"","overlay-color":"","overlay-opacity":"","overlay-gradient":""},"tablet":{"background-color":"","background-image":"","background-repeat":"repeat","background-position":"center center","background-size":"auto","background-attachment":"scroll","background-type":"","background-media":"","overlay-type":"","overlay-color":"","overlay-opacity":"","overlay-gradient":""},"mobile":{"background-color":"","background-image":"","background-repeat":"repeat","background-position":"center center","background-size":"auto","background-attachment":"scroll","background-type":"","background-media":"","overlay-type":"","overlay-color":"","overlay-opacity":"","overlay-gradient":""}},"ast-content-background-meta":{"desktop":{"background-color":"var(--ast-global-color-5)","background-image":"","background-repeat":"repeat","background-position":"center center","background-size":"auto","background-attachment":"scroll","background-type":"","background-media":"","overlay-type":"","overlay-color":"","overlay-opacity":"","overlay-gradient":""},"tablet":{"background-color":"var(--ast-global-color-5)","background-image":"","background-repeat":"repeat","background-position":"center center","background-size":"auto","background-attachment":"scroll","background-type":"","background-media":"","overlay-type":"","overlay-color":"","overlay-opacity":"","overlay-gradient":""},"mobile":{"background-color":"var(--ast-global-color-5)","background-image":"","background-repeat":"repeat","background-position":"center center","background-size":"auto","background-attachment":"scroll","background-type":"","background-media":"","overlay-type":"","overlay-color":"","overlay-opacity":"","overlay-gradient":""}},"footnotes":""},"class_list":["post-6068","page","type-page","status-publish","hentry"],"yoast_head":"<!-- This site is optimized with the Yoast SEO plugin v27.1.1 - https:\/\/yoast.com\/product\/yoast-seo-wordpress\/ -->\n<title>Visita y alquiler de bicicletas | Hotel Albert 1er<\/title>\n<meta name=\"description\" content=\"Como partidarios del turismo lento, le proponemos otra forma de visitar la ciudad rosa: \u00a1Toulouse en bicicleta!\" \/>\n<meta name=\"robots\" content=\"index, follow, max-snippet:-1, max-image-preview:large, max-video-preview:-1\" \/>\n<link rel=\"canonical\" href=\"https:\/\/hotel-albert1.com\/es\/servicios\/en-bicicleta\/\" \/>\n<meta property=\"og:locale\" content=\"es_ES\" \/>\n<meta property=\"og:type\" content=\"article\" \/>\n<meta property=\"og:title\" content=\"Visita y alquiler de bicicletas | Hotel Albert 1er\" \/>\n<meta property=\"og:description\" content=\"Como partidarios del turismo lento, le proponemos otra forma de visitar la ciudad rosa: \u00a1Toulouse en bicicleta!\" \/>\n<meta property=\"og:url\" content=\"https:\/\/hotel-albert1.com\/es\/servicios\/en-bicicleta\/\" \/>\n<meta property=\"og:site_name\" content=\"H\u00f4tel Albert 1er | Toulouse Centre Ville\" \/>\n<meta property=\"article:publisher\" content=\"https:\/\/www.facebook.com\/ToulouseAlbert1\/\" \/>\n<meta property=\"article:modified_time\" content=\"2024-03-19T09:07:17+00:00\" \/>\n<meta property=\"og:image\" content=\"https:\/\/hotel-albert1.com\/wp-content\/uploads\/2023\/05\/Hotel-Toulouse-centre_02.webp\" \/>\n\t<meta property=\"og:image:width\" content=\"1500\" \/>\n\t<meta property=\"og:image:height\" content=\"1000\" \/>\n\t<meta property=\"og:image:type\" content=\"image\/webp\" \/>\n<meta name=\"twitter:card\" content=\"summary_large_image\" \/>\n<meta name=\"twitter:label1\" content=\"Tiempo de lectura\" \/>\n\t<meta name=\"twitter:data1\" content=\"2 minutos\" \/>\n<script type=\"application\/ld+json\" class=\"yoast-schema-graph\">{\"@context\":\"https:\/\/schema.org\",\"@graph\":[{\"@type\":\"WebPage\",\"@id\":\"https:\/\/hotel-albert1.com\/es\/servicios\/en-bicicleta\/\",\"url\":\"https:\/\/hotel-albert1.com\/es\/servicios\/en-bicicleta\/\",\"name\":\"Visita y alquiler de bicicletas | Hotel Albert 1er\",\"isPartOf\":{\"@id\":\"https:\/\/hotel-albert1.com\/es\/#website\"},\"datePublished\":\"2022-06-10T06:29:13+00:00\",\"dateModified\":\"2024-03-19T09:07:17+00:00\",\"description\":\"Como partidarios del turismo lento, le proponemos otra forma de visitar la ciudad rosa: \u00a1Toulouse en bicicleta!\",\"breadcrumb\":{\"@id\":\"https:\/\/hotel-albert1.com\/es\/servicios\/en-bicicleta\/#breadcrumb\"},\"inLanguage\":\"es\",\"potentialAction\":[{\"@type\":\"ReadAction\",\"target\":[\"https:\/\/hotel-albert1.com\/es\/servicios\/en-bicicleta\/\"]}]},{\"@type\":\"BreadcrumbList\",\"@id\":\"https:\/\/hotel-albert1.com\/es\/servicios\/en-bicicleta\/#breadcrumb\",\"itemListElement\":[{\"@type\":\"ListItem\",\"position\":1,\"name\":\"Accueil\",\"item\":\"https:\/\/hotel-albert1.com\/es\/\"},{\"@type\":\"ListItem\",\"position\":2,\"name\":\"Servicios\",\"item\":\"https:\/\/hotel-albert1.com\/es\/servicios\/\"},{\"@type\":\"ListItem\",\"position\":3,\"name\":\"En bicicleta\"}]},{\"@type\":\"WebSite\",\"@id\":\"https:\/\/hotel-albert1.com\/es\/#website\",\"url\":\"https:\/\/hotel-albert1.com\/es\/\",\"name\":\"H\u00f4tel Albert 1er | Toulouse Centre Ville\",\"description\":\"\",\"publisher\":{\"@id\":\"https:\/\/hotel-albert1.com\/es\/#organization\"},\"potentialAction\":[{\"@type\":\"SearchAction\",\"target\":{\"@type\":\"EntryPoint\",\"urlTemplate\":\"https:\/\/hotel-albert1.com\/es\/?s={search_term_string}\"},\"query-input\":{\"@type\":\"PropertyValueSpecification\",\"valueRequired\":true,\"valueName\":\"search_term_string\"}}],\"inLanguage\":\"es\"},{\"@type\":\"Organization\",\"@id\":\"https:\/\/hotel-albert1.com\/es\/#organization\",\"name\":\"H\u00f4tel Albert 1er | Toulouse Centre Ville\",\"url\":\"https:\/\/hotel-albert1.com\/es\/\",\"logo\":{\"@type\":\"ImageObject\",\"inLanguage\":\"es\",\"@id\":\"https:\/\/hotel-albert1.com\/es\/#\/schema\/logo\/image\/\",\"url\":\"https:\/\/hotel-albert1.com\/wp-content\/uploads\/2022\/05\/Albert.png\",\"contentUrl\":\"https:\/\/hotel-albert1.com\/wp-content\/uploads\/2022\/05\/Albert.png\",\"width\":340,\"height\":150,\"caption\":\"H\u00f4tel Albert 1er | Toulouse Centre Ville\"},\"image\":{\"@id\":\"https:\/\/hotel-albert1.com\/es\/#\/schema\/logo\/image\/\"},\"sameAs\":[\"https:\/\/www.facebook.com\/ToulouseAlbert1\/\",\"https:\/\/www.instagram.com\/hotelalbert1er\/?hl=fr\",\"https:\/\/fr.linkedin.com\/company\/hotel-albert-1er\"]}]}<\/script>\n<!-- \/ Yoast SEO plugin. -->","yoast_head_json":{"title":"Visita y alquiler de bicicletas | Hotel Albert 1er","description":"Como partidarios del turismo lento, le proponemos otra forma de visitar la ciudad rosa: \u00a1Toulouse en bicicleta!","robots":{"index":"index","follow":"follow","max-snippet":"max-snippet:-1","max-image-preview":"max-image-preview:large","max-video-preview":"max-video-preview:-1"},"canonical":"https:\/\/hotel-albert1.com\/es\/servicios\/en-bicicleta\/","og_locale":"es_ES","og_type":"article","og_title":"Visita y alquiler de bicicletas | Hotel Albert 1er","og_description":"Como partidarios del turismo lento, le proponemos otra forma de visitar la ciudad rosa: \u00a1Toulouse en bicicleta!","og_url":"https:\/\/hotel-albert1.com\/es\/servicios\/en-bicicleta\/","og_site_name":"H\u00f4tel Albert 1er | Toulouse Centre Ville","article_publisher":"https:\/\/www.facebook.com\/ToulouseAlbert1\/","article_modified_time":"2024-03-19T09:07:17+00:00","og_image":[{"width":1500,"height":1000,"url":"https:\/\/hotel-albert1.com\/wp-content\/uploads\/2023\/05\/Hotel-Toulouse-centre_02.webp","type":"image\/webp"}],"twitter_card":"summary_large_image","twitter_misc":{"Tiempo de lectura":"2 minutos"},"schema":{"@context":"https:\/\/schema.org","@graph":[{"@type":"WebPage","@id":"https:\/\/hotel-albert1.com\/es\/servicios\/en-bicicleta\/","url":"https:\/\/hotel-albert1.com\/es\/servicios\/en-bicicleta\/","name":"Visita y alquiler de bicicletas | Hotel Albert 1er","isPartOf":{"@id":"https:\/\/hotel-albert1.com\/es\/#website"},"datePublished":"2022-06-10T06:29:13+00:00","dateModified":"2024-03-19T09:07:17+00:00","description":"Como partidarios del turismo lento, le proponemos otra forma de visitar la ciudad rosa: \u00a1Toulouse en bicicleta!","breadcrumb":{"@id":"https:\/\/hotel-albert1.com\/es\/servicios\/en-bicicleta\/#breadcrumb"},"inLanguage":"es","potentialAction":[{"@type":"ReadAction","target":["https:\/\/hotel-albert1.com\/es\/servicios\/en-bicicleta\/"]}]},{"@type":"BreadcrumbList","@id":"https:\/\/hotel-albert1.com\/es\/servicios\/en-bicicleta\/#breadcrumb","itemListElement":[{"@type":"ListItem","position":1,"name":"Accueil","item":"https:\/\/hotel-albert1.com\/es\/"},{"@type":"ListItem","position":2,"name":"Servicios","item":"https:\/\/hotel-albert1.com\/es\/servicios\/"},{"@type":"ListItem","position":3,"name":"En bicicleta"}]},{"@type":"WebSite","@id":"https:\/\/hotel-albert1.com\/es\/#website","url":"https:\/\/hotel-albert1.com\/es\/","name":"H\u00f4tel Albert 1er | Toulouse Centre Ville","description":"","publisher":{"@id":"https:\/\/hotel-albert1.com\/es\/#organization"},"potentialAction":[{"@type":"SearchAction","target":{"@type":"EntryPoint","urlTemplate":"https:\/\/hotel-albert1.com\/es\/?s={search_term_string}"},"query-input":{"@type":"PropertyValueSpecification","valueRequired":true,"valueName":"search_term_string"}}],"inLanguage":"es"},{"@type":"Organization","@id":"https:\/\/hotel-albert1.com\/es\/#organization","name":"H\u00f4tel Albert 1er | Toulouse Centre Ville","url":"https:\/\/hotel-albert1.com\/es\/","logo":{"@type":"ImageObject","inLanguage":"es","@id":"https:\/\/hotel-albert1.com\/es\/#\/schema\/logo\/image\/","url":"https:\/\/hotel-albert1.com\/wp-content\/uploads\/2022\/05\/Albert.png","contentUrl":"https:\/\/hotel-albert1.com\/wp-content\/uploads\/2022\/05\/Albert.png","width":340,"height":150,"caption":"H\u00f4tel Albert 1er | Toulouse Centre Ville"},"image":{"@id":"https:\/\/hotel-albert1.com\/es\/#\/schema\/logo\/image\/"},"sameAs":["https:\/\/www.facebook.com\/ToulouseAlbert1\/","https:\/\/www.instagram.com\/hotelalbert1er\/?hl=fr","https:\/\/fr.linkedin.com\/company\/hotel-albert-1er"]}]}},"_links":{"self":[{"href":"https:\/\/hotel-albert1.com\/es\/wp-json\/wp\/v2\/pages\/6068","targetHints":{"allow":["GET"]}}],"collection":[{"href":"https:\/\/hotel-albert1.com\/es\/wp-json\/wp\/v2\/pages"}],"about":[{"href":"https:\/\/hotel-albert1.com\/es\/wp-json\/wp\/v2\/types\/page"}],"author":[{"embeddable":true,"href":"https:\/\/hotel-albert1.com\/es\/wp-json\/wp\/v2\/users\/1"}],"replies":[{"embeddable":true,"href":"https:\/\/hotel-albert1.com\/es\/wp-json\/wp\/v2\/comments?post=6068"}],"version-history":[{"count":0,"href":"https:\/\/hotel-albert1.com\/es\/wp-json\/wp\/v2\/pages\/6068\/revisions"}],"up":[{"embeddable":true,"href":"https:\/\/hotel-albert1.com\/es\/wp-json\/wp\/v2\/pages\/6060"}],"wp:attachment":[{"href":"https:\/\/hotel-albert1.com\/es\/wp-json\/wp\/v2\/media?parent=6068"}],"curies":[{"name":"wp","href":"https:\/\/api.w.org\/{rel}","templated":true}]}}