{"id":6077,"date":"2022-06-10T08:29:35","date_gmt":"2022-06-10T06:29:35","guid":{"rendered":"http:\/\/hotel-albert1.com\/servicios\/los-animales\/"},"modified":"2025-10-07T09:45:17","modified_gmt":"2025-10-07T07:45:17","slug":"los-animales","status":"publish","type":"page","link":"https:\/\/hotel-albert1.com\/es\/servicios\/los-animales\/","title":{"rendered":"Los animales"},"content":{"rendered":"\t\t<div data-elementor-type=\"wp-page\" data-elementor-id=\"6077\" class=\"elementor elementor-6077 elementor-2679\" data-elementor-post-type=\"page\">\n\t\t\t\t\t\t<section data-particle_enable=\"false\" data-particle-mobile-disabled=\"false\" class=\"elementor-section elementor-top-section elementor-element elementor-element-e810518 elementor-section-boxed elementor-section-height-default elementor-section-height-default\" data-id=\"e810518\" data-element_type=\"section\" data-e-type=\"section\" data-settings=\"{&quot;background_background&quot;:&quot;classic&quot;}\">\n\t\t\t\t\t\t<div class=\"elementor-container elementor-column-gap-default\">\n\t\t\t\t\t<div class=\"elementor-column elementor-col-100 elementor-top-column elementor-element elementor-element-eb45839\" data-id=\"eb45839\" data-element_type=\"column\" data-e-type=\"column\">\n\t\t\t<div class=\"elementor-widget-wrap elementor-element-populated\">\n\t\t\t\t\t\t<div class=\"elementor-element elementor-element-f3b732e elementor-widget elementor-widget-elementskit-heading\" data-id=\"f3b732e\" data-element_type=\"widget\" data-e-type=\"widget\" data-settings=\"{&quot;ekit_we_effect_on&quot;:&quot;none&quot;}\" data-widget_type=\"elementskit-heading.default\">\n\t\t\t\t<div class=\"elementor-widget-container\">\n\t\t\t\t\t<div class=\"ekit-wid-con\" ><div class=\"ekit-heading elementskit-section-title-wraper text_center   ekit_heading_tablet-   ekit_heading_mobile-\"><h1 class=\"ekit-heading--title elementskit-section-title \">L\u2019h\u00f4tel Albert 1er accueille vos animaux de compagnie<\/h1><div class=\"ekit_heading_separetor_wraper ekit_heading_elementskit-border-divider elementskit-style-long\"><div class=\"elementskit-border-divider elementskit-style-long\"><\/div><\/div><\/div><\/div>\t\t\t\t<\/div>\n\t\t\t\t<\/div>\n\t\t\t\t\t<\/div>\n\t\t<\/div>\n\t\t\t\t\t<\/div>\n\t\t<\/section>\n\t\t\t\t<section data-particle_enable=\"false\" data-particle-mobile-disabled=\"false\" class=\"elementor-section elementor-top-section elementor-element elementor-element-107912f elementor-section-full_width elementor-section-height-default elementor-section-height-default\" data-id=\"107912f\" data-element_type=\"section\" data-e-type=\"section\" data-settings=\"{&quot;background_background&quot;:&quot;classic&quot;}\">\n\t\t\t\t\t\t<div class=\"elementor-container elementor-column-gap-default\">\n\t\t\t\t\t<div class=\"elementor-column elementor-col-50 elementor-top-column elementor-element elementor-element-5e888e7\" data-id=\"5e888e7\" data-element_type=\"column\" data-e-type=\"column\" data-settings=\"{&quot;background_background&quot;:&quot;classic&quot;}\">\n\t\t\t<div class=\"elementor-widget-wrap elementor-element-populated\">\n\t\t\t\t\t\t<div class=\"elementor-element elementor-element-8cdb2e1 elementor-widget elementor-widget-spacer\" data-id=\"8cdb2e1\" data-element_type=\"widget\" data-e-type=\"widget\" data-settings=\"{&quot;ekit_we_effect_on&quot;:&quot;none&quot;}\" data-widget_type=\"spacer.default\">\n\t\t\t\t<div class=\"elementor-widget-container\">\n\t\t\t\t\t\t\t<div class=\"elementor-spacer\">\n\t\t\t<div class=\"elementor-spacer-inner\"><\/div>\n\t\t<\/div>\n\t\t\t\t\t\t<\/div>\n\t\t\t\t<\/div>\n\t\t\t\t\t<\/div>\n\t\t<\/div>\n\t\t\t\t<div class=\"elementor-column elementor-col-50 elementor-top-column elementor-element elementor-element-18be739\" data-id=\"18be739\" data-element_type=\"column\" data-e-type=\"column\">\n\t\t\t<div class=\"elementor-widget-wrap elementor-element-populated\">\n\t\t\t\t\t\t<section data-particle_enable=\"false\" data-particle-mobile-disabled=\"false\" class=\"elementor-section elementor-inner-section elementor-element elementor-element-6b1cc2c elementor-section-boxed elementor-section-height-default elementor-section-height-default\" data-id=\"6b1cc2c\" data-element_type=\"section\" data-e-type=\"section\">\n\t\t\t\t\t\t<div class=\"elementor-container elementor-column-gap-default\">\n\t\t\t\t\t<div class=\"elementor-column elementor-col-50 elementor-inner-column elementor-element elementor-element-cbf5f1f\" data-id=\"cbf5f1f\" data-element_type=\"column\" data-e-type=\"column\" data-settings=\"{&quot;background_background&quot;:&quot;classic&quot;}\">\n\t\t\t<div class=\"elementor-widget-wrap elementor-element-populated\">\n\t\t\t\t\t\t<div class=\"elementor-element elementor-element-0a3db83 elementor-widget elementor-widget-text-editor\" data-id=\"0a3db83\" data-element_type=\"widget\" data-e-type=\"widget\" data-settings=\"{&quot;ekit_we_effect_on&quot;:&quot;none&quot;}\" data-widget_type=\"text-editor.default\">\n\t\t\t\t<div class=\"elementor-widget-container\">\n\t\t\t\t\t\t\t\t\t<p>En el Hotel Albert<sup>1er<\/sup>, somos amantes de los animales, <strong>\u00a1bien portados<\/strong>!<\/p>\n<p>Queremos que su estancia sea divertida y relajante, y sabemos que dejar a su mascota sola, o al cuidado de extra\u00f1os, puede ser estresante. Por lo tanto, acogemos a los peque\u00f1os animales de compa\u00f1\u00eda, bajo ciertas condiciones (v\u00e9ase m\u00e1s abajo), acompa\u00f1ados de sus due\u00f1os que viajen a Toulouse.<\/p>\n<p>Por supuesto, se aceptan perros gu\u00eda para ciegos, sin condiciones.<\/p>\n\t\t\t\t\t\t\t\t<\/div>\n\t\t\t\t<\/div>\n\t\t\t\t<div class=\"elementor-element elementor-element-882e258 elementor-widget elementor-widget-image\" data-id=\"882e258\" data-element_type=\"widget\" data-e-type=\"widget\" data-settings=\"{&quot;ekit_we_effect_on&quot;:&quot;none&quot;}\" data-widget_type=\"image.default\">\n\t\t\t\t<div class=\"elementor-widget-container\">\n\t\t\t\t\t\t\t\t\t\t\t\t\t\t\t<img fetchpriority=\"high\" decoding=\"async\" width=\"1024\" height=\"1024\" src=\"https:\/\/hotel-albert1.com\/wp-content\/uploads\/2025\/10\/Hotel-Albert-1er_Logo-Qualidog_01-1024x1024.webp\" class=\"attachment-large size-large wp-image-5580730\" alt=\"\" srcset=\"https:\/\/hotel-albert1.com\/wp-content\/uploads\/2025\/10\/Hotel-Albert-1er_Logo-Qualidog_01-1024x1024.webp 1024w, https:\/\/hotel-albert1.com\/wp-content\/uploads\/2025\/10\/Hotel-Albert-1er_Logo-Qualidog_01-300x300.webp 300w, https:\/\/hotel-albert1.com\/wp-content\/uploads\/2025\/10\/Hotel-Albert-1er_Logo-Qualidog_01-150x150.webp 150w, https:\/\/hotel-albert1.com\/wp-content\/uploads\/2025\/10\/Hotel-Albert-1er_Logo-Qualidog_01-768x768.webp 768w, https:\/\/hotel-albert1.com\/wp-content\/uploads\/2025\/10\/Hotel-Albert-1er_Logo-Qualidog_01.webp 1500w\" sizes=\"(max-width: 1024px) 100vw, 1024px\" \/>\t\t\t\t\t\t\t\t\t\t\t\t\t\t\t<\/div>\n\t\t\t\t<\/div>\n\t\t\t\t\t<\/div>\n\t\t<\/div>\n\t\t\t\t<div class=\"elementor-column elementor-col-50 elementor-inner-column elementor-element elementor-element-6284f60\" data-id=\"6284f60\" data-element_type=\"column\" data-e-type=\"column\" data-settings=\"{&quot;background_background&quot;:&quot;classic&quot;,&quot;background_motion_fx_motion_fx_scrolling&quot;:&quot;yes&quot;,&quot;background_motion_fx_scale_effect&quot;:&quot;yes&quot;,&quot;background_motion_fx_scale_direction&quot;:&quot;in-out&quot;,&quot;background_motion_fx_scale_speed&quot;:{&quot;unit&quot;:&quot;px&quot;,&quot;size&quot;:4,&quot;sizes&quot;:[]},&quot;background_motion_fx_scale_range&quot;:{&quot;unit&quot;:&quot;%&quot;,&quot;size&quot;:&quot;&quot;,&quot;sizes&quot;:{&quot;start&quot;:20,&quot;end&quot;:80}},&quot;background_motion_fx_devices&quot;:[&quot;desktop&quot;,&quot;tablet&quot;,&quot;mobile&quot;]}\">\n\t\t\t<div class=\"elementor-widget-wrap elementor-element-populated\">\n\t\t\t\t\t\t<div class=\"elementor-element elementor-element-b985423 elementor-hidden-mobile elementor-widget elementor-widget-spacer\" data-id=\"b985423\" data-element_type=\"widget\" data-e-type=\"widget\" data-settings=\"{&quot;ekit_we_effect_on&quot;:&quot;none&quot;}\" data-widget_type=\"spacer.default\">\n\t\t\t\t<div class=\"elementor-widget-container\">\n\t\t\t\t\t\t\t<div class=\"elementor-spacer\">\n\t\t\t<div class=\"elementor-spacer-inner\"><\/div>\n\t\t<\/div>\n\t\t\t\t\t\t<\/div>\n\t\t\t\t<\/div>\n\t\t\t\t\t<\/div>\n\t\t<\/div>\n\t\t\t\t\t<\/div>\n\t\t<\/section>\n\t\t\t\t<section data-particle_enable=\"false\" data-particle-mobile-disabled=\"false\" class=\"elementor-section elementor-inner-section elementor-element elementor-element-b2f6e45 elementor-section-boxed elementor-section-height-default elementor-section-height-default\" data-id=\"b2f6e45\" data-element_type=\"section\" data-e-type=\"section\">\n\t\t\t\t\t\t<div class=\"elementor-container elementor-column-gap-default\">\n\t\t\t\t\t<div class=\"elementor-column elementor-col-50 elementor-inner-column elementor-element elementor-element-b514f59\" data-id=\"b514f59\" data-element_type=\"column\" data-e-type=\"column\" data-settings=\"{&quot;background_background&quot;:&quot;classic&quot;,&quot;background_motion_fx_motion_fx_scrolling&quot;:&quot;yes&quot;,&quot;background_motion_fx_scale_effect&quot;:&quot;yes&quot;,&quot;background_motion_fx_scale_direction&quot;:&quot;out-in&quot;,&quot;background_motion_fx_scale_speed&quot;:{&quot;unit&quot;:&quot;px&quot;,&quot;size&quot;:4,&quot;sizes&quot;:[]},&quot;background_motion_fx_scale_range&quot;:{&quot;unit&quot;:&quot;%&quot;,&quot;size&quot;:&quot;&quot;,&quot;sizes&quot;:{&quot;start&quot;:20,&quot;end&quot;:80}},&quot;background_motion_fx_devices&quot;:[&quot;desktop&quot;,&quot;tablet&quot;,&quot;mobile&quot;]}\">\n\t\t\t<div class=\"elementor-widget-wrap elementor-element-populated\">\n\t\t\t\t\t\t<div class=\"elementor-element elementor-element-e892140 elementor-widget elementor-widget-spacer\" data-id=\"e892140\" data-element_type=\"widget\" data-e-type=\"widget\" data-settings=\"{&quot;ekit_we_effect_on&quot;:&quot;none&quot;}\" data-widget_type=\"spacer.default\">\n\t\t\t\t<div class=\"elementor-widget-container\">\n\t\t\t\t\t\t\t<div class=\"elementor-spacer\">\n\t\t\t<div class=\"elementor-spacer-inner\"><\/div>\n\t\t<\/div>\n\t\t\t\t\t\t<\/div>\n\t\t\t\t<\/div>\n\t\t\t\t\t<\/div>\n\t\t<\/div>\n\t\t\t\t<div class=\"elementor-column elementor-col-50 elementor-inner-column elementor-element elementor-element-27cffab\" data-id=\"27cffab\" data-element_type=\"column\" data-e-type=\"column\" data-settings=\"{&quot;background_background&quot;:&quot;classic&quot;}\">\n\t\t\t<div class=\"elementor-widget-wrap elementor-element-populated\">\n\t\t\t\t\t\t<div class=\"elementor-element elementor-element-480a934 elementor-widget elementor-widget-text-editor\" data-id=\"480a934\" data-element_type=\"widget\" data-e-type=\"widget\" data-settings=\"{&quot;ekit_we_effect_on&quot;:&quot;none&quot;}\" data-widget_type=\"text-editor.default\">\n\t\t\t\t<div class=\"elementor-widget-container\">\n\t\t\t\t\t\t\t\t\t<p>Nuestras condiciones de admisi\u00f3n para <strong>una estancia tranquila<\/strong>:<\/p>\n<ul>\n<li><strong>Tipo de animal<\/strong>: perros de hasta 8 kg y gatos.<\/li>\n<li><strong>Servicio proporcionado<\/strong>: un cuenco doble (para poner las croquetas y el agua).<\/li>\n<li><strong>Precio: <\/strong> 10 euros por noche y por animal.<\/li>\n<li><strong>Normas de la casa: <\/strong> no se admiten animales en los comedores y no deben dejarse solos en las habitaciones sin supervisi\u00f3n (se aceptan jaulas de transporte o cestas); los perros deben ir con correa en las zonas comunes.<\/li>\n<li><strong>Responsabilidad<\/strong>: su mascota sigue siendo su responsabilidad durante toda la estancia; aseg\u00farese de llevar todos los documentos de identificaci\u00f3n necesarios cuando viaje. Si su mascota viaja en un transport\u00edn, aseg\u00farese de que est\u00e1 bien ventilado y de que tiene suficiente espacio para darse la vuelta; si su mascota es temerosa o est\u00e1 ansiosa, no dude en pedir a su veterinario un sedante adecuado.<\/li>\n<\/ul>\n\t\t\t\t\t\t\t\t<\/div>\n\t\t\t\t<\/div>\n\t\t\t\t\t<\/div>\n\t\t<\/div>\n\t\t\t\t\t<\/div>\n\t\t<\/section>\n\t\t\t\t<div class=\"elementor-element elementor-element-a248c90 elementor-widget elementor-widget-text-editor\" data-id=\"a248c90\" data-element_type=\"widget\" data-e-type=\"widget\" data-settings=\"{&quot;ekit_we_effect_on&quot;:&quot;none&quot;}\" data-widget_type=\"text-editor.default\">\n\t\t\t\t<div class=\"elementor-widget-container\">\n\t\t\t\t\t\t\t\t\t<p>Podemos ponerle en contacto con nuestro socio&nbsp;<strong>cuidador de mascotas<\/strong>&nbsp;en el centro de Toulouse, en caso de que necesite que cuiden de su mascota. No dude en&nbsp;<a href=\"http:\/\/tel:+33561211791\">p\u00f3ngase en contacto con nosotros<\/a> en&nbsp;para todas sus necesidades.<\/p>\n\t\t\t\t\t\t\t\t<\/div>\n\t\t\t\t<\/div>\n\t\t\t\t\t<\/div>\n\t\t<\/div>\n\t\t\t\t\t<\/div>\n\t\t<\/section>\n\t\t\t\t<\/div>\n\t\t","protected":false},"excerpt":{"rendered":"<p>L\u2019h\u00f4tel Albert 1er accueille vos animaux de compagnie En el Hotel Albert1er, somos amantes de los animales, \u00a1bien portados! Queremos que su estancia sea divertida y relajante, y sabemos que dejar a su mascota sola, o al cuidado de extra\u00f1os, puede ser estresante. Por lo tanto, acogemos a los peque\u00f1os animales de compa\u00f1\u00eda, bajo ciertas [&hellip;]<\/p>\n","protected":false},"author":1,"featured_media":0,"parent":6060,"menu_order":1,"comment_status":"closed","ping_status":"closed","template":"","meta":{"site-sidebar-layout":"no-sidebar","site-content-layout":"page-builder","ast-site-content-layout":"full-width-container","site-content-style":"unboxed","site-sidebar-style":"unboxed","ast-global-header-display":"","ast-banner-title-visibility":"","ast-main-header-display":"","ast-hfb-above-header-display":"","ast-hfb-below-header-display":"","ast-hfb-mobile-header-display":"","site-post-title":"disabled","ast-breadcrumbs-content":"disabled","ast-featured-img":"disabled","footer-sml-layout":"disabled","ast-disable-related-posts":"","theme-transparent-header-meta":"enabled","adv-header-id-meta":"","stick-header-meta":"default","header-above-stick-meta":"","header-main-stick-meta":"","header-below-stick-meta":"","astra-migrate-meta-layouts":"set","ast-page-background-enabled":"default","ast-page-background-meta":{"desktop":{"background-color":"","background-image":"","background-repeat":"repeat","background-position":"center center","background-size":"auto","background-attachment":"scroll","background-type":"","background-media":"","overlay-type":"","overlay-color":"","overlay-opacity":"","overlay-gradient":""},"tablet":{"background-color":"","background-image":"","background-repeat":"repeat","background-position":"center center","background-size":"auto","background-attachment":"scroll","background-type":"","background-media":"","overlay-type":"","overlay-color":"","overlay-opacity":"","overlay-gradient":""},"mobile":{"background-color":"","background-image":"","background-repeat":"repeat","background-position":"center center","background-size":"auto","background-attachment":"scroll","background-type":"","background-media":"","overlay-type":"","overlay-color":"","overlay-opacity":"","overlay-gradient":""}},"ast-content-background-meta":{"desktop":{"background-color":"var(--ast-global-color-5)","background-image":"","background-repeat":"repeat","background-position":"center center","background-size":"auto","background-attachment":"scroll","background-type":"","background-media":"","overlay-type":"","overlay-color":"","overlay-opacity":"","overlay-gradient":""},"tablet":{"background-color":"var(--ast-global-color-5)","background-image":"","background-repeat":"repeat","background-position":"center center","background-size":"auto","background-attachment":"scroll","background-type":"","background-media":"","overlay-type":"","overlay-color":"","overlay-opacity":"","overlay-gradient":""},"mobile":{"background-color":"var(--ast-global-color-5)","background-image":"","background-repeat":"repeat","background-position":"center center","background-size":"auto","background-attachment":"scroll","background-type":"","background-media":"","overlay-type":"","overlay-color":"","overlay-opacity":"","overlay-gradient":""}},"footnotes":""},"class_list":["post-6077","page","type-page","status-publish","hentry"],"yoast_head":"<!-- This site is optimized with the Yoast SEO plugin v27.1.1 - https:\/\/yoast.com\/product\/yoast-seo-wordpress\/ -->\n<title>Animales aceptados en Toulouse | Hotel Albert 1er<\/title>\n<meta name=\"description\" content=\"Acogemos a los peque\u00f1os animales de compa\u00f1\u00eda en nuestro hotel, acompa\u00f1ados de sus due\u00f1os que viajan a Toulouse.\" \/>\n<meta name=\"robots\" content=\"index, follow, max-snippet:-1, max-image-preview:large, max-video-preview:-1\" \/>\n<link rel=\"canonical\" href=\"https:\/\/hotel-albert1.com\/es\/servicios\/los-animales\/\" \/>\n<meta property=\"og:locale\" content=\"es_ES\" \/>\n<meta property=\"og:type\" content=\"article\" \/>\n<meta property=\"og:title\" content=\"Animales aceptados en Toulouse | Hotel Albert 1er\" \/>\n<meta property=\"og:description\" content=\"Acogemos a los peque\u00f1os animales de compa\u00f1\u00eda en nuestro hotel, acompa\u00f1ados de sus due\u00f1os que viajan a Toulouse.\" \/>\n<meta property=\"og:url\" content=\"https:\/\/hotel-albert1.com\/es\/servicios\/los-animales\/\" \/>\n<meta property=\"og:site_name\" content=\"H\u00f4tel Albert 1er | Toulouse Centre Ville\" \/>\n<meta property=\"article:publisher\" content=\"https:\/\/www.facebook.com\/ToulouseAlbert1\/\" \/>\n<meta property=\"article:modified_time\" content=\"2025-10-07T07:45:17+00:00\" \/>\n<meta property=\"og:image\" content=\"https:\/\/hotel-albert1.com\/wp-content\/uploads\/2025\/10\/Hotel-Albert-1er_Logo-Qualidog_01.webp\" \/>\n\t<meta property=\"og:image:width\" content=\"1500\" \/>\n\t<meta property=\"og:image:height\" content=\"1500\" \/>\n\t<meta property=\"og:image:type\" content=\"image\/webp\" \/>\n<meta name=\"twitter:card\" content=\"summary_large_image\" \/>\n<meta name=\"twitter:label1\" content=\"Tiempo de lectura\" \/>\n\t<meta name=\"twitter:data1\" content=\"2 minutos\" \/>\n<script type=\"application\/ld+json\" class=\"yoast-schema-graph\">{\"@context\":\"https:\/\/schema.org\",\"@graph\":[{\"@type\":\"WebPage\",\"@id\":\"https:\/\/hotel-albert1.com\/es\/servicios\/los-animales\/\",\"url\":\"https:\/\/hotel-albert1.com\/es\/servicios\/los-animales\/\",\"name\":\"Animales aceptados en Toulouse | Hotel Albert 1er\",\"isPartOf\":{\"@id\":\"https:\/\/hotel-albert1.com\/es\/#website\"},\"primaryImageOfPage\":{\"@id\":\"https:\/\/hotel-albert1.com\/es\/servicios\/los-animales\/#primaryimage\"},\"image\":{\"@id\":\"https:\/\/hotel-albert1.com\/es\/servicios\/los-animales\/#primaryimage\"},\"thumbnailUrl\":\"https:\/\/hotel-albert1.com\/wp-content\/uploads\/2025\/10\/Hotel-Albert-1er_Logo-Qualidog_01-1024x1024.webp\",\"datePublished\":\"2022-06-10T06:29:35+00:00\",\"dateModified\":\"2025-10-07T07:45:17+00:00\",\"description\":\"Acogemos a los peque\u00f1os animales de compa\u00f1\u00eda en nuestro hotel, acompa\u00f1ados de sus due\u00f1os que viajan a Toulouse.\",\"breadcrumb\":{\"@id\":\"https:\/\/hotel-albert1.com\/es\/servicios\/los-animales\/#breadcrumb\"},\"inLanguage\":\"es\",\"potentialAction\":[{\"@type\":\"ReadAction\",\"target\":[\"https:\/\/hotel-albert1.com\/es\/servicios\/los-animales\/\"]}]},{\"@type\":\"ImageObject\",\"inLanguage\":\"es\",\"@id\":\"https:\/\/hotel-albert1.com\/es\/servicios\/los-animales\/#primaryimage\",\"url\":\"https:\/\/hotel-albert1.com\/wp-content\/uploads\/2025\/10\/Hotel-Albert-1er_Logo-Qualidog_01-1024x1024.webp\",\"contentUrl\":\"https:\/\/hotel-albert1.com\/wp-content\/uploads\/2025\/10\/Hotel-Albert-1er_Logo-Qualidog_01-1024x1024.webp\"},{\"@type\":\"BreadcrumbList\",\"@id\":\"https:\/\/hotel-albert1.com\/es\/servicios\/los-animales\/#breadcrumb\",\"itemListElement\":[{\"@type\":\"ListItem\",\"position\":1,\"name\":\"Accueil\",\"item\":\"https:\/\/hotel-albert1.com\/es\/\"},{\"@type\":\"ListItem\",\"position\":2,\"name\":\"Servicios\",\"item\":\"https:\/\/hotel-albert1.com\/es\/servicios\/\"},{\"@type\":\"ListItem\",\"position\":3,\"name\":\"Los animales\"}]},{\"@type\":\"WebSite\",\"@id\":\"https:\/\/hotel-albert1.com\/es\/#website\",\"url\":\"https:\/\/hotel-albert1.com\/es\/\",\"name\":\"H\u00f4tel Albert 1er | Toulouse Centre Ville\",\"description\":\"\",\"publisher\":{\"@id\":\"https:\/\/hotel-albert1.com\/es\/#organization\"},\"potentialAction\":[{\"@type\":\"SearchAction\",\"target\":{\"@type\":\"EntryPoint\",\"urlTemplate\":\"https:\/\/hotel-albert1.com\/es\/?s={search_term_string}\"},\"query-input\":{\"@type\":\"PropertyValueSpecification\",\"valueRequired\":true,\"valueName\":\"search_term_string\"}}],\"inLanguage\":\"es\"},{\"@type\":\"Organization\",\"@id\":\"https:\/\/hotel-albert1.com\/es\/#organization\",\"name\":\"H\u00f4tel Albert 1er | Toulouse Centre Ville\",\"url\":\"https:\/\/hotel-albert1.com\/es\/\",\"logo\":{\"@type\":\"ImageObject\",\"inLanguage\":\"es\",\"@id\":\"https:\/\/hotel-albert1.com\/es\/#\/schema\/logo\/image\/\",\"url\":\"https:\/\/hotel-albert1.com\/wp-content\/uploads\/2022\/05\/Albert.png\",\"contentUrl\":\"https:\/\/hotel-albert1.com\/wp-content\/uploads\/2022\/05\/Albert.png\",\"width\":340,\"height\":150,\"caption\":\"H\u00f4tel Albert 1er | Toulouse Centre Ville\"},\"image\":{\"@id\":\"https:\/\/hotel-albert1.com\/es\/#\/schema\/logo\/image\/\"},\"sameAs\":[\"https:\/\/www.facebook.com\/ToulouseAlbert1\/\",\"https:\/\/www.instagram.com\/hotelalbert1er\/?hl=fr\",\"https:\/\/fr.linkedin.com\/company\/hotel-albert-1er\"]}]}<\/script>\n<!-- \/ Yoast SEO plugin. -->","yoast_head_json":{"title":"Animales aceptados en Toulouse | Hotel Albert 1er","description":"Acogemos a los peque\u00f1os animales de compa\u00f1\u00eda en nuestro hotel, acompa\u00f1ados de sus due\u00f1os que viajan a Toulouse.","robots":{"index":"index","follow":"follow","max-snippet":"max-snippet:-1","max-image-preview":"max-image-preview:large","max-video-preview":"max-video-preview:-1"},"canonical":"https:\/\/hotel-albert1.com\/es\/servicios\/los-animales\/","og_locale":"es_ES","og_type":"article","og_title":"Animales aceptados en Toulouse | Hotel Albert 1er","og_description":"Acogemos a los peque\u00f1os animales de compa\u00f1\u00eda en nuestro hotel, acompa\u00f1ados de sus due\u00f1os que viajan a Toulouse.","og_url":"https:\/\/hotel-albert1.com\/es\/servicios\/los-animales\/","og_site_name":"H\u00f4tel Albert 1er | Toulouse Centre Ville","article_publisher":"https:\/\/www.facebook.com\/ToulouseAlbert1\/","article_modified_time":"2025-10-07T07:45:17+00:00","og_image":[{"width":1500,"height":1500,"url":"https:\/\/hotel-albert1.com\/wp-content\/uploads\/2025\/10\/Hotel-Albert-1er_Logo-Qualidog_01.webp","type":"image\/webp"}],"twitter_card":"summary_large_image","twitter_misc":{"Tiempo de lectura":"2 minutos"},"schema":{"@context":"https:\/\/schema.org","@graph":[{"@type":"WebPage","@id":"https:\/\/hotel-albert1.com\/es\/servicios\/los-animales\/","url":"https:\/\/hotel-albert1.com\/es\/servicios\/los-animales\/","name":"Animales aceptados en Toulouse | Hotel Albert 1er","isPartOf":{"@id":"https:\/\/hotel-albert1.com\/es\/#website"},"primaryImageOfPage":{"@id":"https:\/\/hotel-albert1.com\/es\/servicios\/los-animales\/#primaryimage"},"image":{"@id":"https:\/\/hotel-albert1.com\/es\/servicios\/los-animales\/#primaryimage"},"thumbnailUrl":"https:\/\/hotel-albert1.com\/wp-content\/uploads\/2025\/10\/Hotel-Albert-1er_Logo-Qualidog_01-1024x1024.webp","datePublished":"2022-06-10T06:29:35+00:00","dateModified":"2025-10-07T07:45:17+00:00","description":"Acogemos a los peque\u00f1os animales de compa\u00f1\u00eda en nuestro hotel, acompa\u00f1ados de sus due\u00f1os que viajan a Toulouse.","breadcrumb":{"@id":"https:\/\/hotel-albert1.com\/es\/servicios\/los-animales\/#breadcrumb"},"inLanguage":"es","potentialAction":[{"@type":"ReadAction","target":["https:\/\/hotel-albert1.com\/es\/servicios\/los-animales\/"]}]},{"@type":"ImageObject","inLanguage":"es","@id":"https:\/\/hotel-albert1.com\/es\/servicios\/los-animales\/#primaryimage","url":"https:\/\/hotel-albert1.com\/wp-content\/uploads\/2025\/10\/Hotel-Albert-1er_Logo-Qualidog_01-1024x1024.webp","contentUrl":"https:\/\/hotel-albert1.com\/wp-content\/uploads\/2025\/10\/Hotel-Albert-1er_Logo-Qualidog_01-1024x1024.webp"},{"@type":"BreadcrumbList","@id":"https:\/\/hotel-albert1.com\/es\/servicios\/los-animales\/#breadcrumb","itemListElement":[{"@type":"ListItem","position":1,"name":"Accueil","item":"https:\/\/hotel-albert1.com\/es\/"},{"@type":"ListItem","position":2,"name":"Servicios","item":"https:\/\/hotel-albert1.com\/es\/servicios\/"},{"@type":"ListItem","position":3,"name":"Los animales"}]},{"@type":"WebSite","@id":"https:\/\/hotel-albert1.com\/es\/#website","url":"https:\/\/hotel-albert1.com\/es\/","name":"H\u00f4tel Albert 1er | Toulouse Centre Ville","description":"","publisher":{"@id":"https:\/\/hotel-albert1.com\/es\/#organization"},"potentialAction":[{"@type":"SearchAction","target":{"@type":"EntryPoint","urlTemplate":"https:\/\/hotel-albert1.com\/es\/?s={search_term_string}"},"query-input":{"@type":"PropertyValueSpecification","valueRequired":true,"valueName":"search_term_string"}}],"inLanguage":"es"},{"@type":"Organization","@id":"https:\/\/hotel-albert1.com\/es\/#organization","name":"H\u00f4tel Albert 1er | Toulouse Centre Ville","url":"https:\/\/hotel-albert1.com\/es\/","logo":{"@type":"ImageObject","inLanguage":"es","@id":"https:\/\/hotel-albert1.com\/es\/#\/schema\/logo\/image\/","url":"https:\/\/hotel-albert1.com\/wp-content\/uploads\/2022\/05\/Albert.png","contentUrl":"https:\/\/hotel-albert1.com\/wp-content\/uploads\/2022\/05\/Albert.png","width":340,"height":150,"caption":"H\u00f4tel Albert 1er | Toulouse Centre Ville"},"image":{"@id":"https:\/\/hotel-albert1.com\/es\/#\/schema\/logo\/image\/"},"sameAs":["https:\/\/www.facebook.com\/ToulouseAlbert1\/","https:\/\/www.instagram.com\/hotelalbert1er\/?hl=fr","https:\/\/fr.linkedin.com\/company\/hotel-albert-1er"]}]}},"_links":{"self":[{"href":"https:\/\/hotel-albert1.com\/es\/wp-json\/wp\/v2\/pages\/6077","targetHints":{"allow":["GET"]}}],"collection":[{"href":"https:\/\/hotel-albert1.com\/es\/wp-json\/wp\/v2\/pages"}],"about":[{"href":"https:\/\/hotel-albert1.com\/es\/wp-json\/wp\/v2\/types\/page"}],"author":[{"embeddable":true,"href":"https:\/\/hotel-albert1.com\/es\/wp-json\/wp\/v2\/users\/1"}],"replies":[{"embeddable":true,"href":"https:\/\/hotel-albert1.com\/es\/wp-json\/wp\/v2\/comments?post=6077"}],"version-history":[{"count":0,"href":"https:\/\/hotel-albert1.com\/es\/wp-json\/wp\/v2\/pages\/6077\/revisions"}],"up":[{"embeddable":true,"href":"https:\/\/hotel-albert1.com\/es\/wp-json\/wp\/v2\/pages\/6060"}],"wp:attachment":[{"href":"https:\/\/hotel-albert1.com\/es\/wp-json\/wp\/v2\/media?parent=6077"}],"curies":[{"name":"wp","href":"https:\/\/api.w.org\/{rel}","templated":true}]}}