{"id":709922,"date":"2024-04-11T10:57:55","date_gmt":"2024-04-11T08:57:55","guid":{"rendered":"https:\/\/hotel-albert1.com\/servicios\/fin-de-semana-romantico-en-toulouse\/"},"modified":"2024-07-04T21:38:29","modified_gmt":"2024-07-04T19:38:29","slug":"fin-de-semana-romantico-en-toulouse","status":"publish","type":"page","link":"https:\/\/hotel-albert1.com\/es\/servicios\/fin-de-semana-romantico-en-toulouse\/","title":{"rendered":"Fin de semana rom\u00e1ntico en Toulouse"},"content":{"rendered":"\t\t<div data-elementor-type=\"wp-page\" data-elementor-id=\"709922\" class=\"elementor elementor-709922\" data-elementor-post-type=\"page\">\n\t\t\t\t\t\t<section data-particle_enable=\"false\" data-particle-mobile-disabled=\"false\" class=\"elementor-section elementor-top-section elementor-element elementor-element-d509b6c elementor-section-boxed elementor-section-height-default elementor-section-height-default\" data-id=\"d509b6c\" data-element_type=\"section\" data-e-type=\"section\" data-settings=\"{&quot;background_background&quot;:&quot;classic&quot;}\">\n\t\t\t\t\t\t<div class=\"elementor-container elementor-column-gap-default\">\n\t\t\t\t\t<div class=\"elementor-column elementor-col-100 elementor-top-column elementor-element elementor-element-729113d\" data-id=\"729113d\" data-element_type=\"column\" data-e-type=\"column\">\n\t\t\t<div class=\"elementor-widget-wrap elementor-element-populated\">\n\t\t\t\t\t\t<div class=\"elementor-element elementor-element-fdbbeb3 elementor-widget elementor-widget-elementskit-heading\" data-id=\"fdbbeb3\" data-element_type=\"widget\" data-e-type=\"widget\" data-settings=\"{&quot;ekit_we_effect_on&quot;:&quot;none&quot;}\" data-widget_type=\"elementskit-heading.default\">\n\t\t\t\t<div class=\"elementor-widget-container\">\n\t\t\t\t\t<div class=\"ekit-wid-con\" ><div class=\"ekit-heading elementskit-section-title-wraper text_center   ekit_heading_tablet-   ekit_heading_mobile-\"><h1 class=\"ekit-heading--title elementskit-section-title \">Una escapada de enamorados<\/h1><\/div><\/div>\t\t\t\t<\/div>\n\t\t\t\t<\/div>\n\t\t\t\t<div class=\"elementor-element elementor-element-4e30a08 elementor-view-default elementor-widget elementor-widget-icon\" data-id=\"4e30a08\" data-element_type=\"widget\" data-e-type=\"widget\" data-settings=\"{&quot;ekit_we_effect_on&quot;:&quot;none&quot;}\" data-widget_type=\"icon.default\">\n\t\t\t\t<div class=\"elementor-widget-container\">\n\t\t\t\t\t\t\t<div class=\"elementor-icon-wrapper\">\n\t\t\t<div class=\"elementor-icon\">\n\t\t\t<i aria-hidden=\"true\" class=\"icon icon-gift1\"><\/i>\t\t\t<\/div>\n\t\t<\/div>\n\t\t\t\t\t\t<\/div>\n\t\t\t\t<\/div>\n\t\t\t\t<div class=\"elementor-element elementor-element-a6bcf15 elementor-widget elementor-widget-text-editor\" data-id=\"a6bcf15\" data-element_type=\"widget\" data-e-type=\"widget\" data-settings=\"{&quot;ekit_we_effect_on&quot;:&quot;none&quot;}\" data-widget_type=\"text-editor.default\">\n\t\t\t\t<div class=\"elementor-widget-container\">\n\t\t\t\t\t\t\t\t\t<p>Cuando se est\u00e1 enamorado, hay cientos de formas encantadoras de hacer una escapada rom\u00e1ntica para dos.<\/p>\n<p>Porque el romanticismo hay que vivirlo, hemos ideado  <strong>oferta especial para enamorados<\/strong>  El precio al hacer la reserva incluye alojamiento, desayuno en la cama, una botella de champ\u00e1n Ayala y una caja regalo de nuestros vecinos.<span style=\"color: #000000;\"><a style=\"color: #000000;\" href=\"https:\/\/www.google.com\/maps\/place\/La+Compagnie+du+Chocolat\/@43.6023796,1.4420854,17z\/data=!3m1!4b1!4m6!3m5!1s0x12aebc9d9f3e0bd1:0xff5cbacd3414189b!8m2!3d43.6023757!4d1.4446603!16s%2Fg%2F1tdt39dl?entry=ttu\" target=\"_blank\" rel=\"noopener\"><span style=\"text-decoration: underline;\">La Compa\u00f1\u00eda del Chocolate<\/span><\/a><\/span>Tambi\u00e9n serviremos una selecci\u00f3n de &#8220;chocolatier&#8221; (de Toulouse) y peque\u00f1as sorpresas del equipo Albert. Y para que la diversi\u00f3n dure un poco m\u00e1s, la oferta incluye late check-out hasta las 14:00. Ya sea para una ocasi\u00f3n especial o simplemente para decir gracias y te quiero a tu ser querido, siempre hay un buen motivo para acudir a nosotros.<\/p>\n\t\t\t\t\t\t\t\t<\/div>\n\t\t\t\t<\/div>\n\t\t\t\t\t<\/div>\n\t\t<\/div>\n\t\t\t\t\t<\/div>\n\t\t<\/section>\n\t\t\t\t<section data-particle_enable=\"false\" data-particle-mobile-disabled=\"false\" class=\"elementor-section elementor-top-section elementor-element elementor-element-17bde0f elementor-section-boxed elementor-section-height-default elementor-section-height-default\" data-id=\"17bde0f\" data-element_type=\"section\" data-e-type=\"section\">\n\t\t\t\t\t\t<div class=\"elementor-container elementor-column-gap-default\">\n\t\t\t\t\t<div class=\"elementor-column elementor-col-100 elementor-top-column elementor-element elementor-element-8c5ad04\" data-id=\"8c5ad04\" data-element_type=\"column\" data-e-type=\"column\">\n\t\t\t<div class=\"elementor-widget-wrap elementor-element-populated\">\n\t\t\t\t\t\t<section data-particle_enable=\"false\" data-particle-mobile-disabled=\"false\" class=\"elementor-section elementor-inner-section elementor-element elementor-element-d7b9bb8 elementor-section-boxed elementor-section-height-default elementor-section-height-default\" data-id=\"d7b9bb8\" data-element_type=\"section\" data-e-type=\"section\">\n\t\t\t\t\t\t<div class=\"elementor-container elementor-column-gap-default\">\n\t\t\t\t\t<div class=\"elementor-column elementor-col-50 elementor-inner-column elementor-element elementor-element-44d995a\" data-id=\"44d995a\" data-element_type=\"column\" data-e-type=\"column\">\n\t\t\t<div class=\"elementor-widget-wrap elementor-element-populated\">\n\t\t\t\t\t\t<div class=\"elementor-element elementor-element-2e7747e elementor-widget elementor-widget-gallery\" data-id=\"2e7747e\" data-element_type=\"widget\" data-e-type=\"widget\" data-settings=\"{&quot;gap&quot;:{&quot;unit&quot;:&quot;px&quot;,&quot;size&quot;:0,&quot;sizes&quot;:[]},&quot;columns&quot;:2,&quot;lazyload&quot;:&quot;yes&quot;,&quot;gallery_layout&quot;:&quot;grid&quot;,&quot;columns_tablet&quot;:2,&quot;columns_mobile&quot;:1,&quot;gap_tablet&quot;:{&quot;unit&quot;:&quot;px&quot;,&quot;size&quot;:10,&quot;sizes&quot;:[]},&quot;gap_mobile&quot;:{&quot;unit&quot;:&quot;px&quot;,&quot;size&quot;:10,&quot;sizes&quot;:[]},&quot;link_to&quot;:&quot;file&quot;,&quot;aspect_ratio&quot;:&quot;3:2&quot;,&quot;overlay_background&quot;:&quot;yes&quot;,&quot;content_hover_animation&quot;:&quot;fade-in&quot;,&quot;ekit_we_effect_on&quot;:&quot;none&quot;}\" data-widget_type=\"gallery.default\">\n\t\t\t\t<div class=\"elementor-widget-container\">\n\t\t\t\t\t\t\t<div class=\"elementor-gallery__container\">\n\t\t\t\t\t\t\t<a class=\"e-gallery-item elementor-gallery-item elementor-animated-content\" href=\"https:\/\/hotel-albert1.com\/wp-content\/uploads\/2022\/02\/3.png\" data-elementor-open-lightbox=\"yes\" data-elementor-lightbox-slideshow=\"2e7747e\" data-elementor-lightbox-title=\"3\" data-e-action-hash=\"#elementor-action%3Aaction%3Dlightbox%26settings%3DeyJpZCI6NzQyMywidXJsIjoiaHR0cHM6XC9cL2hvdGVsLWFsYmVydDEuY29tXC93cC1jb250ZW50XC91cGxvYWRzXC8yMDIyXC8wMlwvMy5wbmciLCJzbGlkZXNob3ciOiIyZTc3NDdlIn0%3D\">\n\t\t\t\t\t<div class=\"e-gallery-image elementor-gallery-item__image\" data-thumbnail=\"https:\/\/hotel-albert1.com\/wp-content\/uploads\/elementor\/thumbs\/3-q8co39znvbd015dk133ektfvvo7t70dxv1l541v5hk.png\" data-width=\"780\" data-height=\"500\" aria-label=\"\" role=\"img\" ><\/div>\n\t\t\t\t\t\t\t\t\t\t\t<div class=\"elementor-gallery-item__overlay\"><\/div>\n\t\t\t\t\t\t\t\t\t\t\t\t\t\t<\/a>\n\t\t\t\t\t\t\t<a class=\"e-gallery-item elementor-gallery-item elementor-animated-content\" href=\"https:\/\/hotel-albert1.com\/wp-content\/uploads\/2022\/02\/4.png\" data-elementor-open-lightbox=\"yes\" data-elementor-lightbox-slideshow=\"2e7747e\" data-elementor-lightbox-title=\"4\" data-e-action-hash=\"#elementor-action%3Aaction%3Dlightbox%26settings%3DeyJpZCI6NzQyMCwidXJsIjoiaHR0cHM6XC9cL2hvdGVsLWFsYmVydDEuY29tXC93cC1jb250ZW50XC91cGxvYWRzXC8yMDIyXC8wMlwvNC5wbmciLCJzbGlkZXNob3ciOiIyZTc3NDdlIn0%3D\">\n\t\t\t\t\t<div class=\"e-gallery-image elementor-gallery-item__image\" data-thumbnail=\"https:\/\/hotel-albert1.com\/wp-content\/uploads\/elementor\/thumbs\/4-q8co3bvc8zfkodatq3wnpsyt2fyjmelejaw42lsd54.png\" data-width=\"780\" data-height=\"500\" aria-label=\"\" role=\"img\" ><\/div>\n\t\t\t\t\t\t\t\t\t\t\t<div class=\"elementor-gallery-item__overlay\"><\/div>\n\t\t\t\t\t\t\t\t\t\t\t\t\t\t<\/a>\n\t\t\t\t\t\t\t<a class=\"e-gallery-item elementor-gallery-item elementor-animated-content\" href=\"https:\/\/hotel-albert1.com\/wp-content\/uploads\/2022\/02\/2.png\" data-elementor-open-lightbox=\"yes\" data-elementor-lightbox-slideshow=\"2e7747e\" data-elementor-lightbox-title=\"2\" data-e-action-hash=\"#elementor-action%3Aaction%3Dlightbox%26settings%3DeyJpZCI6NzQyNiwidXJsIjoiaHR0cHM6XC9cL2hvdGVsLWFsYmVydDEuY29tXC93cC1jb250ZW50XC91cGxvYWRzXC8yMDIyXC8wMlwvMi5wbmciLCJzbGlkZXNob3ciOiIyZTc3NDdlIn0%3D\">\n\t\t\t\t\t<div class=\"e-gallery-image elementor-gallery-item__image\" data-thumbnail=\"https:\/\/hotel-albert1.com\/wp-content\/uploads\/elementor\/thumbs\/2-q8co3bvc8zfkodatq3wnpsyt2fyjmelejaw42lsd54.png\" data-width=\"780\" data-height=\"500\" aria-label=\"\" role=\"img\" ><\/div>\n\t\t\t\t\t\t\t\t\t\t\t<div class=\"elementor-gallery-item__overlay\"><\/div>\n\t\t\t\t\t\t\t\t\t\t\t\t\t\t<\/a>\n\t\t\t\t\t\t\t<a class=\"e-gallery-item elementor-gallery-item elementor-animated-content\" href=\"https:\/\/hotel-albert1.com\/wp-content\/uploads\/2022\/02\/5.png\" data-elementor-open-lightbox=\"yes\" data-elementor-lightbox-slideshow=\"2e7747e\" data-elementor-lightbox-title=\"5\" data-e-action-hash=\"#elementor-action%3Aaction%3Dlightbox%26settings%3DeyJpZCI6NzQxNywidXJsIjoiaHR0cHM6XC9cL2hvdGVsLWFsYmVydDEuY29tXC93cC1jb250ZW50XC91cGxvYWRzXC8yMDIyXC8wMlwvNS5wbmciLCJzbGlkZXNob3ciOiIyZTc3NDdlIn0%3D\">\n\t\t\t\t\t<div class=\"e-gallery-image elementor-gallery-item__image\" data-thumbnail=\"https:\/\/hotel-albert1.com\/wp-content\/uploads\/elementor\/thumbs\/5-q8co391tohbppjex6kos0bofaacfzba7iwxnmrwjns.png\" data-width=\"780\" data-height=\"500\" aria-label=\"\" role=\"img\" ><\/div>\n\t\t\t\t\t\t\t\t\t\t\t<div class=\"elementor-gallery-item__overlay\"><\/div>\n\t\t\t\t\t\t\t\t\t\t\t\t\t\t<\/a>\n\t\t\t\t\t<\/div>\n\t\t\t\t\t<\/div>\n\t\t\t\t<\/div>\n\t\t\t\t\t<\/div>\n\t\t<\/div>\n\t\t\t\t<div class=\"elementor-column elementor-col-50 elementor-inner-column elementor-element elementor-element-bcc3e5c\" data-id=\"bcc3e5c\" data-element_type=\"column\" data-e-type=\"column\">\n\t\t\t<div class=\"elementor-widget-wrap elementor-element-populated\">\n\t\t\t\t\t\t<div class=\"elementor-element elementor-element-86c866e elementor-widget elementor-widget-heading\" data-id=\"86c866e\" data-element_type=\"widget\" data-e-type=\"widget\" data-settings=\"{&quot;ekit_we_effect_on&quot;:&quot;none&quot;}\" data-widget_type=\"heading.default\">\n\t\t\t\t<div class=\"elementor-widget-container\">\n\t\t\t\t\t<h2 class=\"elementor-heading-title elementor-size-medium\">La ciudad rosa para dos :  <\/h2>\t\t\t\t<\/div>\n\t\t\t\t<\/div>\n\t\t\t\t<div class=\"elementor-element elementor-element-b3d494f elementor-widget elementor-widget-text-editor\" data-id=\"b3d494f\" data-element_type=\"widget\" data-e-type=\"widget\" data-settings=\"{&quot;ekit_we_effect_on&quot;:&quot;none&quot;}\" data-widget_type=\"text-editor.default\">\n\t\t\t\t<div class=\"elementor-widget-container\">\n\t\t\t\t\t\t\t\t\t<p style=\"font-size: 13px;\"><span style=\"color: #030303; background-color: var(--ast-global-color-2); font-size: 1rem;\">Toulouse es una ciudad muy agradable para pasear.<\/span><\/p>\n<p style=\"font-size: 13px;\"><span style=\"color: #030303; background-color: var(--ast-global-color-2); font-size: 1rem;\">  D\u00e9jese seducir por los edificios de ladrillo rosa y las antiguas calles del centro de la ciudad. Todos los nombres de las calles est\u00e1n traducidos al occitano, lo que confiere a la ciudad tolosana un encanto \u00fanico. Pasee desde la catedral de Saint-Etienne hasta la plaza Wilson para disfrutar de un rom\u00e1ntico paseo.<\/span><\/p>\n<p><span style=\"text-decoration: underline; color: #000000;\"><br \/>\n  <strong><br \/>\n    <a style=\"color: #000000; text-decoration: underline;\" href=\"https:\/\/hotel-albert1.com\/es\/las-ideas-de-albert\/#explorer\" target=\"_blank\" rel=\"noopener\">Toulouse ofrece una amplia gama de actividades culturales<\/a><br \/>\n  <\/strong><br \/>\n<\/span> para un fin de semana rom\u00e1ntico. Hay muchos teatros y museos de arte. Adem\u00e1s de su vasta colecci\u00f3n de arte antiguo, el museo des Augustin cuenta con un notable jard\u00edn.<\/p>\n<p>  Si su ser querido prefiere la pintura, descubra el Mus\u00e9e de Beaux-arts. Los conciertos son habituales, con bandas de aficionados que act\u00faan en los bares y los grandes nombres en el Z\u00e9nith.<\/p>\n<p>Hay mucho que hacer durante un fin de semana rom\u00e1ntico.<\/p>\n<p>Disfrute de su estancia.<\/p>\n\t\t\t\t\t\t\t\t<\/div>\n\t\t\t\t<\/div>\n\t\t\t\t<div class=\"elementor-element elementor-element-dc9cfab elementor-align-left elementor-widget elementor-widget-button\" data-id=\"dc9cfab\" data-element_type=\"widget\" data-e-type=\"widget\" data-settings=\"{&quot;ekit_we_effect_on&quot;:&quot;none&quot;}\" data-widget_type=\"button.default\">\n\t\t\t\t<div class=\"elementor-widget-container\">\n\t\t\t\t\t\t\t\t\t<div class=\"elementor-button-wrapper\">\n\t\t\t\t\t<a class=\"elementor-button elementor-button-link elementor-size-sm\" href=\"https:\/\/www.secure-hotel-booking.com\/smart\/Groupe-Hilaire\/JBMV-22361\/es\">\n\t\t\t\t\t\t<span class=\"elementor-button-content-wrapper\">\n\t\t\t\t\t\t\t\t\t<span class=\"elementor-button-text\">Reserva en l\u00ednea<\/span>\n\t\t\t\t\t<\/span>\n\t\t\t\t\t<\/a>\n\t\t\t\t<\/div>\n\t\t\t\t\t\t\t\t<\/div>\n\t\t\t\t<\/div>\n\t\t\t\t\t<\/div>\n\t\t<\/div>\n\t\t\t\t\t<\/div>\n\t\t<\/section>\n\t\t\t\t\t<\/div>\n\t\t<\/div>\n\t\t\t\t\t<\/div>\n\t\t<\/section>\n\t\t\t\t<\/div>\n\t\t","protected":false},"excerpt":{"rendered":"<p>Una escapada de enamorados Cuando se est\u00e1 enamorado, hay cientos de formas encantadoras de hacer una escapada rom\u00e1ntica para dos. Porque el romanticismo hay que vivirlo, hemos ideado oferta especial para enamorados El precio al hacer la reserva incluye alojamiento, desayuno en la cama, una botella de champ\u00e1n Ayala y una caja regalo de nuestros [&hellip;]<\/p>\n","protected":false},"author":1,"featured_media":0,"parent":6060,"menu_order":0,"comment_status":"closed","ping_status":"closed","template":"","meta":{"site-sidebar-layout":"no-sidebar","site-content-layout":"page-builder","ast-site-content-layout":"full-width-container","site-content-style":"default","site-sidebar-style":"default","ast-global-header-display":"","ast-banner-title-visibility":"","ast-main-header-display":"","ast-hfb-above-header-display":"","ast-hfb-below-header-display":"","ast-hfb-mobile-header-display":"","site-post-title":"disabled","ast-breadcrumbs-content":"","ast-featured-img":"disabled","footer-sml-layout":"","ast-disable-related-posts":"","theme-transparent-header-meta":"default","adv-header-id-meta":"","stick-header-meta":"default","header-above-stick-meta":"","header-main-stick-meta":"","header-below-stick-meta":"","astra-migrate-meta-layouts":"set","ast-page-background-enabled":"default","ast-page-background-meta":{"desktop":{"background-color":"","background-image":"","background-repeat":"repeat","background-position":"center center","background-size":"auto","background-attachment":"scroll","background-type":"","background-media":"","overlay-type":"","overlay-color":"","overlay-opacity":"","overlay-gradient":""},"tablet":{"background-color":"","background-image":"","background-repeat":"repeat","background-position":"center center","background-size":"auto","background-attachment":"scroll","background-type":"","background-media":"","overlay-type":"","overlay-color":"","overlay-opacity":"","overlay-gradient":""},"mobile":{"background-color":"","background-image":"","background-repeat":"repeat","background-position":"center center","background-size":"auto","background-attachment":"scroll","background-type":"","background-media":"","overlay-type":"","overlay-color":"","overlay-opacity":"","overlay-gradient":""}},"ast-content-background-meta":{"desktop":{"background-color":"var(--ast-global-color-5)","background-image":"","background-repeat":"repeat","background-position":"center center","background-size":"auto","background-attachment":"scroll","background-type":"","background-media":"","overlay-type":"","overlay-color":"","overlay-opacity":"","overlay-gradient":""},"tablet":{"background-color":"var(--ast-global-color-5)","background-image":"","background-repeat":"repeat","background-position":"center center","background-size":"auto","background-attachment":"scroll","background-type":"","background-media":"","overlay-type":"","overlay-color":"","overlay-opacity":"","overlay-gradient":""},"mobile":{"background-color":"var(--ast-global-color-5)","background-image":"","background-repeat":"repeat","background-position":"center center","background-size":"auto","background-attachment":"scroll","background-type":"","background-media":"","overlay-type":"","overlay-color":"","overlay-opacity":"","overlay-gradient":""}},"footnotes":""},"class_list":["post-709922","page","type-page","status-publish","hentry"],"yoast_head":"<!-- This site is optimized with the Yoast SEO plugin v27.1.1 - https:\/\/yoast.com\/product\/yoast-seo-wordpress\/ -->\n<title>Escapada rom\u00e1ntica en Toulouse | Oferta H\u00f4tel Albert 1er<\/title>\n<meta name=\"description\" content=\"Reg\u00e1lese una estancia rom\u00e1ntica en Toulouse con el H\u00f4tel Albert 1er. Bienvenida con champ\u00e1n, bombones y sorpresas, desayuno en la cama.\" \/>\n<meta name=\"robots\" content=\"index, follow, max-snippet:-1, max-image-preview:large, max-video-preview:-1\" \/>\n<link rel=\"canonical\" href=\"https:\/\/hotel-albert1.com\/es\/servicios\/fin-de-semana-romantico-en-toulouse\/\" \/>\n<meta property=\"og:locale\" content=\"es_ES\" \/>\n<meta property=\"og:type\" content=\"article\" \/>\n<meta property=\"og:title\" content=\"Escapada rom\u00e1ntica en Toulouse | Oferta H\u00f4tel Albert 1er\" \/>\n<meta property=\"og:description\" content=\"Reg\u00e1lese una estancia rom\u00e1ntica en Toulouse con el H\u00f4tel Albert 1er. Bienvenida con champ\u00e1n, bombones y sorpresas, desayuno en la cama.\" \/>\n<meta property=\"og:url\" content=\"https:\/\/hotel-albert1.com\/es\/servicios\/fin-de-semana-romantico-en-toulouse\/\" \/>\n<meta property=\"og:site_name\" content=\"H\u00f4tel Albert 1er | Toulouse Centre Ville\" \/>\n<meta property=\"article:publisher\" content=\"https:\/\/www.facebook.com\/ToulouseAlbert1\/\" \/>\n<meta property=\"article:modified_time\" content=\"2024-07-04T19:38:29+00:00\" \/>\n<meta property=\"og:image\" content=\"https:\/\/hotel-albert1.com\/wp-content\/uploads\/2023\/05\/Hotel-Toulouse-centre_02.webp\" \/>\n\t<meta property=\"og:image:width\" content=\"1500\" \/>\n\t<meta property=\"og:image:height\" content=\"1000\" \/>\n\t<meta property=\"og:image:type\" content=\"image\/webp\" \/>\n<meta name=\"twitter:card\" content=\"summary_large_image\" \/>\n<meta name=\"twitter:label1\" content=\"Tiempo de lectura\" \/>\n\t<meta name=\"twitter:data1\" content=\"2 minutos\" \/>\n<script type=\"application\/ld+json\" class=\"yoast-schema-graph\">{\"@context\":\"https:\/\/schema.org\",\"@graph\":[{\"@type\":\"WebPage\",\"@id\":\"https:\/\/hotel-albert1.com\/es\/servicios\/fin-de-semana-romantico-en-toulouse\/\",\"url\":\"https:\/\/hotel-albert1.com\/es\/servicios\/fin-de-semana-romantico-en-toulouse\/\",\"name\":\"Escapada rom\u00e1ntica en Toulouse | Oferta H\u00f4tel Albert 1er\",\"isPartOf\":{\"@id\":\"https:\/\/hotel-albert1.com\/es\/#website\"},\"datePublished\":\"2024-04-11T08:57:55+00:00\",\"dateModified\":\"2024-07-04T19:38:29+00:00\",\"description\":\"Reg\u00e1lese una estancia rom\u00e1ntica en Toulouse con el H\u00f4tel Albert 1er. Bienvenida con champ\u00e1n, bombones y sorpresas, desayuno en la cama.\",\"breadcrumb\":{\"@id\":\"https:\/\/hotel-albert1.com\/es\/servicios\/fin-de-semana-romantico-en-toulouse\/#breadcrumb\"},\"inLanguage\":\"es\",\"potentialAction\":[{\"@type\":\"ReadAction\",\"target\":[\"https:\/\/hotel-albert1.com\/es\/servicios\/fin-de-semana-romantico-en-toulouse\/\"]}]},{\"@type\":\"BreadcrumbList\",\"@id\":\"https:\/\/hotel-albert1.com\/es\/servicios\/fin-de-semana-romantico-en-toulouse\/#breadcrumb\",\"itemListElement\":[{\"@type\":\"ListItem\",\"position\":1,\"name\":\"Accueil\",\"item\":\"https:\/\/hotel-albert1.com\/es\/\"},{\"@type\":\"ListItem\",\"position\":2,\"name\":\"Servicios\",\"item\":\"https:\/\/hotel-albert1.com\/es\/servicios\/\"},{\"@type\":\"ListItem\",\"position\":3,\"name\":\"Fin de semana rom\u00e1ntico en Toulouse\"}]},{\"@type\":\"WebSite\",\"@id\":\"https:\/\/hotel-albert1.com\/es\/#website\",\"url\":\"https:\/\/hotel-albert1.com\/es\/\",\"name\":\"H\u00f4tel Albert 1er | Toulouse Centre Ville\",\"description\":\"\",\"publisher\":{\"@id\":\"https:\/\/hotel-albert1.com\/es\/#organization\"},\"potentialAction\":[{\"@type\":\"SearchAction\",\"target\":{\"@type\":\"EntryPoint\",\"urlTemplate\":\"https:\/\/hotel-albert1.com\/es\/?s={search_term_string}\"},\"query-input\":{\"@type\":\"PropertyValueSpecification\",\"valueRequired\":true,\"valueName\":\"search_term_string\"}}],\"inLanguage\":\"es\"},{\"@type\":\"Organization\",\"@id\":\"https:\/\/hotel-albert1.com\/es\/#organization\",\"name\":\"H\u00f4tel Albert 1er | Toulouse Centre Ville\",\"url\":\"https:\/\/hotel-albert1.com\/es\/\",\"logo\":{\"@type\":\"ImageObject\",\"inLanguage\":\"es\",\"@id\":\"https:\/\/hotel-albert1.com\/es\/#\/schema\/logo\/image\/\",\"url\":\"https:\/\/hotel-albert1.com\/wp-content\/uploads\/2022\/05\/Albert.png\",\"contentUrl\":\"https:\/\/hotel-albert1.com\/wp-content\/uploads\/2022\/05\/Albert.png\",\"width\":340,\"height\":150,\"caption\":\"H\u00f4tel Albert 1er | Toulouse Centre Ville\"},\"image\":{\"@id\":\"https:\/\/hotel-albert1.com\/es\/#\/schema\/logo\/image\/\"},\"sameAs\":[\"https:\/\/www.facebook.com\/ToulouseAlbert1\/\",\"https:\/\/www.instagram.com\/hotelalbert1er\/?hl=fr\",\"https:\/\/fr.linkedin.com\/company\/hotel-albert-1er\"]}]}<\/script>\n<!-- \/ Yoast SEO plugin. -->","yoast_head_json":{"title":"Escapada rom\u00e1ntica en Toulouse | Oferta H\u00f4tel Albert 1er","description":"Reg\u00e1lese una estancia rom\u00e1ntica en Toulouse con el H\u00f4tel Albert 1er. Bienvenida con champ\u00e1n, bombones y sorpresas, desayuno en la cama.","robots":{"index":"index","follow":"follow","max-snippet":"max-snippet:-1","max-image-preview":"max-image-preview:large","max-video-preview":"max-video-preview:-1"},"canonical":"https:\/\/hotel-albert1.com\/es\/servicios\/fin-de-semana-romantico-en-toulouse\/","og_locale":"es_ES","og_type":"article","og_title":"Escapada rom\u00e1ntica en Toulouse | Oferta H\u00f4tel Albert 1er","og_description":"Reg\u00e1lese una estancia rom\u00e1ntica en Toulouse con el H\u00f4tel Albert 1er. Bienvenida con champ\u00e1n, bombones y sorpresas, desayuno en la cama.","og_url":"https:\/\/hotel-albert1.com\/es\/servicios\/fin-de-semana-romantico-en-toulouse\/","og_site_name":"H\u00f4tel Albert 1er | Toulouse Centre Ville","article_publisher":"https:\/\/www.facebook.com\/ToulouseAlbert1\/","article_modified_time":"2024-07-04T19:38:29+00:00","og_image":[{"width":1500,"height":1000,"url":"https:\/\/hotel-albert1.com\/wp-content\/uploads\/2023\/05\/Hotel-Toulouse-centre_02.webp","type":"image\/webp"}],"twitter_card":"summary_large_image","twitter_misc":{"Tiempo de lectura":"2 minutos"},"schema":{"@context":"https:\/\/schema.org","@graph":[{"@type":"WebPage","@id":"https:\/\/hotel-albert1.com\/es\/servicios\/fin-de-semana-romantico-en-toulouse\/","url":"https:\/\/hotel-albert1.com\/es\/servicios\/fin-de-semana-romantico-en-toulouse\/","name":"Escapada rom\u00e1ntica en Toulouse | Oferta H\u00f4tel Albert 1er","isPartOf":{"@id":"https:\/\/hotel-albert1.com\/es\/#website"},"datePublished":"2024-04-11T08:57:55+00:00","dateModified":"2024-07-04T19:38:29+00:00","description":"Reg\u00e1lese una estancia rom\u00e1ntica en Toulouse con el H\u00f4tel Albert 1er. Bienvenida con champ\u00e1n, bombones y sorpresas, desayuno en la cama.","breadcrumb":{"@id":"https:\/\/hotel-albert1.com\/es\/servicios\/fin-de-semana-romantico-en-toulouse\/#breadcrumb"},"inLanguage":"es","potentialAction":[{"@type":"ReadAction","target":["https:\/\/hotel-albert1.com\/es\/servicios\/fin-de-semana-romantico-en-toulouse\/"]}]},{"@type":"BreadcrumbList","@id":"https:\/\/hotel-albert1.com\/es\/servicios\/fin-de-semana-romantico-en-toulouse\/#breadcrumb","itemListElement":[{"@type":"ListItem","position":1,"name":"Accueil","item":"https:\/\/hotel-albert1.com\/es\/"},{"@type":"ListItem","position":2,"name":"Servicios","item":"https:\/\/hotel-albert1.com\/es\/servicios\/"},{"@type":"ListItem","position":3,"name":"Fin de semana rom\u00e1ntico en Toulouse"}]},{"@type":"WebSite","@id":"https:\/\/hotel-albert1.com\/es\/#website","url":"https:\/\/hotel-albert1.com\/es\/","name":"H\u00f4tel Albert 1er | Toulouse Centre Ville","description":"","publisher":{"@id":"https:\/\/hotel-albert1.com\/es\/#organization"},"potentialAction":[{"@type":"SearchAction","target":{"@type":"EntryPoint","urlTemplate":"https:\/\/hotel-albert1.com\/es\/?s={search_term_string}"},"query-input":{"@type":"PropertyValueSpecification","valueRequired":true,"valueName":"search_term_string"}}],"inLanguage":"es"},{"@type":"Organization","@id":"https:\/\/hotel-albert1.com\/es\/#organization","name":"H\u00f4tel Albert 1er | Toulouse Centre Ville","url":"https:\/\/hotel-albert1.com\/es\/","logo":{"@type":"ImageObject","inLanguage":"es","@id":"https:\/\/hotel-albert1.com\/es\/#\/schema\/logo\/image\/","url":"https:\/\/hotel-albert1.com\/wp-content\/uploads\/2022\/05\/Albert.png","contentUrl":"https:\/\/hotel-albert1.com\/wp-content\/uploads\/2022\/05\/Albert.png","width":340,"height":150,"caption":"H\u00f4tel Albert 1er | Toulouse Centre Ville"},"image":{"@id":"https:\/\/hotel-albert1.com\/es\/#\/schema\/logo\/image\/"},"sameAs":["https:\/\/www.facebook.com\/ToulouseAlbert1\/","https:\/\/www.instagram.com\/hotelalbert1er\/?hl=fr","https:\/\/fr.linkedin.com\/company\/hotel-albert-1er"]}]}},"_links":{"self":[{"href":"https:\/\/hotel-albert1.com\/es\/wp-json\/wp\/v2\/pages\/709922","targetHints":{"allow":["GET"]}}],"collection":[{"href":"https:\/\/hotel-albert1.com\/es\/wp-json\/wp\/v2\/pages"}],"about":[{"href":"https:\/\/hotel-albert1.com\/es\/wp-json\/wp\/v2\/types\/page"}],"author":[{"embeddable":true,"href":"https:\/\/hotel-albert1.com\/es\/wp-json\/wp\/v2\/users\/1"}],"replies":[{"embeddable":true,"href":"https:\/\/hotel-albert1.com\/es\/wp-json\/wp\/v2\/comments?post=709922"}],"version-history":[{"count":0,"href":"https:\/\/hotel-albert1.com\/es\/wp-json\/wp\/v2\/pages\/709922\/revisions"}],"up":[{"embeddable":true,"href":"https:\/\/hotel-albert1.com\/es\/wp-json\/wp\/v2\/pages\/6060"}],"wp:attachment":[{"href":"https:\/\/hotel-albert1.com\/es\/wp-json\/wp\/v2\/media?parent=709922"}],"curies":[{"name":"wp","href":"https:\/\/api.w.org\/{rel}","templated":true}]}}